{"id":16,"date":"2013-07-04T00:13:15","date_gmt":"2013-07-03T22:13:15","guid":{"rendered":"http:\/\/derbiertrinker.com\/?page_id=16"},"modified":"2013-07-04T00:22:06","modified_gmt":"2013-07-03T22:22:06","slug":"die-mission","status":"publish","type":"page","link":"https:\/\/derbiertrinker.com\/?page_id=16","title":{"rendered":"Die Mission"},"content":{"rendered":"<p>Ich wohne in einer g\u00fcnstigen Lage: in Bayern, an der Grenze zu Salzburg. Egal aus welchem Fenster ich schaue, ich sehe die Salzach vobeiflie\u00dfen: die ideale Position, um Biere aus dem Herzen der Braukunst zu kosten.<\/p>\n<p>Ich bin ein gl\u00fccklicher Mensch: ich trinke gerne Bier. M\u00e4rzen, Pils, Wei\u00dfbier, Bock, Zwickl, auch Aberrationen wie Radler oder Goa\u00df: die ideale Voraussetzung, um Biere aller Fa\u00e7ons und Lagen zu kosten.<\/p>\n<p>Deshalb dieses Blog, deshalb diese Mission: Biere aus der Gegend (gelegentlich unterbrochen von internationalen Gastspielen) zu kosten, zu trinken und dar\u00fcber zu schreiben. Schlechte Handyfotos dazusetzen und ein paar Daten googlen, um Leser und Leserin eventuell sogar zu unterhalten.<\/p>\n<p>Prost!<\/p>\n<div class=\"twoclick_social_bookmarks_post_16 social_share_privacy clearfix 1.6.4 locale-de_DE sprite-de_DE\"><\/div><div class=\"twoclick-js\"><script type=\"text\/javascript\">\/* <![CDATA[ *\/\njQuery(document).ready(function($){if($('.twoclick_social_bookmarks_post_16')){$('.twoclick_social_bookmarks_post_16').socialSharePrivacy({\"services\":{\"facebook\":{\"status\":\"on\",\"txt_info\":\"2 Klicks f\\u00fcr mehr Datenschutz: Erst wenn Sie hier klicken, wird der Button aktiv und Sie k\\u00f6nnen Ihre Empfehlung an Facebook senden. Schon beim Aktivieren werden Daten an Dritte \\u00fcbertragen - siehe <em>i<\\\/em>.\",\"perma_option\":\"off\",\"action\":\"recommend\",\"language\":\"de_DE\"},\"flattr\":{\"uid\":\"cjlpa\",\"status\":\"on\",\"the_title\":\"Die%20Mission\",\"the_excerpt\":\"Ich%20wohne%20in%20einer%20g%C3%BCnstigen%20Lage%3A%20in%20Bayern%2C%20an%20der%20Grenze%20zu%20Salzburg.%20Egal%20aus%20welchem%20Fenster%20ich%20schaue%2C%20ich%20sehe%20die%20Salzach%20vobeiflie%C3%9Fen%3A%20die%20ideale%20Position%2C%20um%20Biere%20aus%20dem%20Herzen%20der%20Braukunst%20zu%20kosten.%0D%0A%0D%0AIch%20bin%20ein%20gl%C3%BCcklicher%20Mensch%3A%20ich%20trinke%20gerne%20Bier.%20M%C3%A4rzen%2C%20Pils%2C%20Wei%C3%9Fbier%2C%20Bock%2C%20Zwickl%2C%20auch%20Aberrationen%20wie%20Radler%20oder%20Goa%C3%9F%3A%20die%20ideale%20Voraussetzung%2C%20um%20Biere%20aller%20Fa%C3%A7o%20...\",\"txt_info\":\"2 Klicks f\\u00fcr mehr Datenschutz: Erst wenn Sie hier klicken, wird der Button aktiv und Sie k\\u00f6nnen Ihre Empfehlung an Flattr senden. Schon beim Aktivieren werden Daten an Dritte \\u00fcbertragen - siehe <em>i<\\\/em>.\",\"perma_option\":\"off\"}},\"txt_help\":\"Wenn Sie diese Felder durch einen Klick aktivieren, werden Informationen an Facebook, Twitter, Flattr, Xing, t3n, LinkedIn, Pinterest oder Google eventuell ins Ausland \\u00fcbertragen und unter Umst\\u00e4nden auch dort gespeichert. N\\u00e4heres erfahren Sie durch einen Klick auf das <em>i<\\\/em>.\",\"settings_perma\":\"Dauerhaft aktivieren und Daten\\u00fcber-tragung zustimmen:\",\"info_link\":\"http:\\\/\\\/www.heise.de\\\/ct\\\/artikel\\\/2-Klicks-fuer-mehr-Datenschutz-1333879.html\",\"uri\":\"https:\\\/\\\/derbiertrinker.com\\\/?page_id=16\",\"post_id\":16,\"post_title_referrer_track\":\"Die+Mission\",\"display_infobox\":\"on\"});}});\n\/* ]]> *\/<\/script><\/div>","protected":false},"excerpt":{"rendered":"<p>Ich wohne in einer g\u00fcnstigen Lage: in Bayern, an der Grenze zu Salzburg. Egal aus welchem Fenster ich schaue, ich sehe die Salzach vobeiflie\u00dfen: die ideale Position, um Biere aus dem Herzen der Braukunst zu kosten. Ich bin ein gl\u00fccklicher Mensch: ich trinke gerne Bier. M\u00e4rzen, Pils, Wei\u00dfbier, Bock, Zwickl, auch Aberrationen wie Radler oder &hellip; <a href=\"https:\/\/derbiertrinker.com\/?page_id=16\" class=\"more-link\"><span class=\"screen-reader-text\">Die Mission<\/span> weiterlesen <span class=\"meta-nav\">&rarr;<\/span><\/a><\/p>\n","protected":false},"author":1,"featured_media":0,"parent":0,"menu_order":1,"comment_status":"closed","ping_status":"closed","template":"page-templates\/full-width.php","meta":{"footnotes":""},"class_list":["post-16","page","type-page","status-publish","hentry"],"_links":{"self":[{"href":"https:\/\/derbiertrinker.com\/index.php?rest_route=\/wp\/v2\/pages\/16","targetHints":{"allow":["GET"]}}],"collection":[{"href":"https:\/\/derbiertrinker.com\/index.php?rest_route=\/wp\/v2\/pages"}],"about":[{"href":"https:\/\/derbiertrinker.com\/index.php?rest_route=\/wp\/v2\/types\/page"}],"author":[{"embeddable":true,"href":"https:\/\/derbiertrinker.com\/index.php?rest_route=\/wp\/v2\/users\/1"}],"replies":[{"embeddable":true,"href":"https:\/\/derbiertrinker.com\/index.php?rest_route=%2Fwp%2Fv2%2Fcomments&post=16"}],"version-history":[{"count":5,"href":"https:\/\/derbiertrinker.com\/index.php?rest_route=\/wp\/v2\/pages\/16\/revisions"}],"predecessor-version":[{"id":29,"href":"https:\/\/derbiertrinker.com\/index.php?rest_route=\/wp\/v2\/pages\/16\/revisions\/29"}],"wp:attachment":[{"href":"https:\/\/derbiertrinker.com\/index.php?rest_route=%2Fwp%2Fv2%2Fmedia&parent=16"}],"curies":[{"name":"wp","href":"https:\/\/api.w.org\/{rel}","templated":true}]}}